{"id":23499,"date":"2026-02-13T11:41:56","date_gmt":"2026-02-13T10:41:56","guid":{"rendered":"https:\/\/www.elciruelo.com\/?page_id=23499"},"modified":"2026-02-13T11:42:22","modified_gmt":"2026-02-13T10:42:22","slug":"traitement-gdpr","status":"publish","type":"page","link":"https:\/\/www.elciruelo.com\/fr\/traitement-gdpr\/","title":{"rendered":"Traitement GDPR"},"content":{"rendered":"\t\t<div data-elementor-type=\"wp-page\" data-elementor-id=\"23499\" class=\"elementor elementor-23499 elementor-21158\" data-elementor-post-type=\"page\">\n\t\t\t\t<div class=\"elementor-element elementor-element-6144305 contenido-web contenido-post e-flex e-con-boxed e-con e-parent\" data-id=\"6144305\" data-element_type=\"container\" data-e-type=\"container\">\n\t\t\t\t\t<div class=\"e-con-inner\">\n\t\t\t\t<div class=\"elementor-element elementor-element-4c061ad separador elementor-widget__width-initial elementor-widget-mobile__width-inherit elementor-widget elementor-widget-heading\" data-id=\"4c061ad\" data-element_type=\"widget\" data-e-type=\"widget\" data-widget_type=\"heading.default\">\n\t\t\t\t\t<p class=\"elementor-heading-title elementor-size-default\">Traitement GDPR<\/p>\t\t\t\t<\/div>\n\t\t\t\t<div class=\"elementor-element elementor-element-448b542 elementor-widget elementor-widget-text-editor\" data-id=\"448b542\" data-element_type=\"widget\" data-e-type=\"widget\" data-widget_type=\"text-editor.default\">\n\t\t\t\t\t\t\t\t\t<p>Les informations fournies seront trait\u00e9es par EL CIRUELO S.L., titulaire du num\u00e9ro d&rsquo;identification fiscale B30212690, en tant que responsable de ce site web. Les donn\u00e9es collect\u00e9es sont destin\u00e9es \u00e0 des fins d&rsquo;information g\u00e9n\u00e9rale et commerciale par courrier \u00e9lectronique. Cette utilisation est l\u00e9gitim\u00e9e par le pr\u00e9sent formulaire. Nous vous informons \u00e9galement que ces informations seront g\u00e9r\u00e9es et stock\u00e9es dans Cloudflare.<\/p>\t\t\t\t\t\t\t\t<\/div>\n\t\t\t\t\t<\/div>\n\t\t\t\t<\/div>\n\t\t\t\t<\/div>\n\t\t","protected":false},"excerpt":{"rendered":"<p>Traitement GDPR Les informations fournies seront trait\u00e9es par EL CIRUELO S.L., titulaire du num\u00e9ro d&rsquo;identification fiscale B30212690, en tant que responsable de ce site web. Les donn\u00e9es collect\u00e9es sont destin\u00e9es \u00e0 des fins d&rsquo;information g\u00e9n\u00e9rale et commerciale par courrier \u00e9lectronique. Cette utilisation est l\u00e9gitim\u00e9e par le pr\u00e9sent formulaire. Nous vous informons \u00e9galement que ces informations [&hellip;]<\/p>\n","protected":false},"author":26,"featured_media":0,"parent":0,"menu_order":0,"comment_status":"closed","ping_status":"closed","template":"","meta":{"_acf_changed":false,"footnotes":""},"class_list":["post-23499","page","type-page","status-publish","hentry"],"acf":[],"yoast_head":"<!-- This site is optimized with the Yoast SEO plugin v27.4 - https:\/\/yoast.com\/product\/yoast-seo-wordpress\/ -->\n<title>Traitement GDPR - El Ciruelo<\/title>\n<meta name=\"robots\" content=\"index, follow, max-snippet:-1, max-image-preview:large, max-video-preview:-1\" \/>\n<link rel=\"canonical\" href=\"https:\/\/www.elciruelo.com\/fr\/traitement-gdpr\/\" \/>\n<meta property=\"og:locale\" content=\"fr_FR\" \/>\n<meta property=\"og:type\" content=\"article\" \/>\n<meta property=\"og:title\" content=\"Traitement GDPR - El Ciruelo\" \/>\n<meta property=\"og:description\" content=\"Traitement GDPR Les informations fournies seront trait\u00e9es par EL CIRUELO S.L., titulaire du num\u00e9ro d&rsquo;identification fiscale B30212690, en tant que responsable de ce site web. Les donn\u00e9es collect\u00e9es sont destin\u00e9es \u00e0 des fins d&rsquo;information g\u00e9n\u00e9rale et commerciale par courrier \u00e9lectronique. Cette utilisation est l\u00e9gitim\u00e9e par le pr\u00e9sent formulaire. Nous vous informons \u00e9galement que ces informations [&hellip;]\" \/>\n<meta property=\"og:url\" content=\"https:\/\/www.elciruelo.com\/fr\/traitement-gdpr\/\" \/>\n<meta property=\"og:site_name\" content=\"El Ciruelo\" \/>\n<meta property=\"article:publisher\" content=\"https:\/\/es-es.facebook.com\/ElCirueloSL\/\" \/>\n<meta property=\"article:modified_time\" content=\"2026-02-13T10:42:22+00:00\" \/>\n<meta name=\"twitter:card\" content=\"summary_large_image\" \/>\n<meta name=\"twitter:label1\" content=\"Dur\u00e9e de lecture estim\u00e9e\" \/>\n\t<meta name=\"twitter:data1\" content=\"1 minute\" \/>\n<script type=\"application\/ld+json\" class=\"yoast-schema-graph\">{\"@context\":\"https:\\\/\\\/schema.org\",\"@graph\":[{\"@type\":\"WebPage\",\"@id\":\"https:\\\/\\\/www.elciruelo.com\\\/fr\\\/traitement-gdpr\\\/\",\"url\":\"https:\\\/\\\/www.elciruelo.com\\\/fr\\\/traitement-gdpr\\\/\",\"name\":\"Traitement GDPR - El Ciruelo\",\"isPartOf\":{\"@id\":\"https:\\\/\\\/www.elciruelo.com\\\/fr\\\/#website\"},\"datePublished\":\"2026-02-13T10:41:56+00:00\",\"dateModified\":\"2026-02-13T10:42:22+00:00\",\"breadcrumb\":{\"@id\":\"https:\\\/\\\/www.elciruelo.com\\\/fr\\\/traitement-gdpr\\\/#breadcrumb\"},\"inLanguage\":\"fr-FR\",\"potentialAction\":[{\"@type\":\"ReadAction\",\"target\":[\"https:\\\/\\\/www.elciruelo.com\\\/fr\\\/traitement-gdpr\\\/\"]}]},{\"@type\":\"BreadcrumbList\",\"@id\":\"https:\\\/\\\/www.elciruelo.com\\\/fr\\\/traitement-gdpr\\\/#breadcrumb\",\"itemListElement\":[{\"@type\":\"ListItem\",\"position\":1,\"name\":\"Home\",\"item\":\"https:\\\/\\\/www.elciruelo.com\\\/fr\\\/\"},{\"@type\":\"ListItem\",\"position\":2,\"name\":\"Traitement GDPR\"}]},{\"@type\":\"WebSite\",\"@id\":\"https:\\\/\\\/www.elciruelo.com\\\/fr\\\/#website\",\"url\":\"https:\\\/\\\/www.elciruelo.com\\\/fr\\\/\",\"name\":\"El Ciruelo\",\"description\":\"Productores de Uva de Mesa y Fruta de Hueso  \",\"publisher\":{\"@id\":\"https:\\\/\\\/www.elciruelo.com\\\/fr\\\/#organization\"},\"alternateName\":\"Ciruelo\",\"potentialAction\":[{\"@type\":\"SearchAction\",\"target\":{\"@type\":\"EntryPoint\",\"urlTemplate\":\"https:\\\/\\\/www.elciruelo.com\\\/fr\\\/?s={search_term_string}\"},\"query-input\":{\"@type\":\"PropertyValueSpecification\",\"valueRequired\":true,\"valueName\":\"search_term_string\"}}],\"inLanguage\":\"fr-FR\"},{\"@type\":\"Organization\",\"@id\":\"https:\\\/\\\/www.elciruelo.com\\\/fr\\\/#organization\",\"name\":\"El Ciruelo\",\"alternateName\":\"Grupo El Ciruelo\",\"url\":\"https:\\\/\\\/www.elciruelo.com\\\/fr\\\/\",\"logo\":{\"@type\":\"ImageObject\",\"inLanguage\":\"fr-FR\",\"@id\":\"https:\\\/\\\/www.elciruelo.com\\\/fr\\\/#\\\/schema\\\/logo\\\/image\\\/\",\"url\":\"https:\\\/\\\/www.elciruelo.com\\\/wp-content\\\/uploads\\\/2021\\\/09\\\/el-ciruelo-logo.png\",\"contentUrl\":\"https:\\\/\\\/www.elciruelo.com\\\/wp-content\\\/uploads\\\/2021\\\/09\\\/el-ciruelo-logo.png\",\"width\":636,\"height\":174,\"caption\":\"El Ciruelo\"},\"image\":{\"@id\":\"https:\\\/\\\/www.elciruelo.com\\\/fr\\\/#\\\/schema\\\/logo\\\/image\\\/\"},\"sameAs\":[\"https:\\\/\\\/es-es.facebook.com\\\/ElCirueloSL\\\/\",\"https:\\\/\\\/www.instagram.com\\\/elciruelofruits\\\/\",\"https:\\\/\\\/www.tiktok.com\\\/@elciruelofruits\",\"https:\\\/\\\/es.linkedin.com\\\/company\\\/grupoelciruelo\"]}]}<\/script>\n<!-- \/ Yoast SEO plugin. -->","yoast_head_json":{"title":"Traitement GDPR - El Ciruelo","robots":{"index":"index","follow":"follow","max-snippet":"max-snippet:-1","max-image-preview":"max-image-preview:large","max-video-preview":"max-video-preview:-1"},"canonical":"https:\/\/www.elciruelo.com\/fr\/traitement-gdpr\/","og_locale":"fr_FR","og_type":"article","og_title":"Traitement GDPR - El Ciruelo","og_description":"Traitement GDPR Les informations fournies seront trait\u00e9es par EL CIRUELO S.L., titulaire du num\u00e9ro d&rsquo;identification fiscale B30212690, en tant que responsable de ce site web. Les donn\u00e9es collect\u00e9es sont destin\u00e9es \u00e0 des fins d&rsquo;information g\u00e9n\u00e9rale et commerciale par courrier \u00e9lectronique. Cette utilisation est l\u00e9gitim\u00e9e par le pr\u00e9sent formulaire. Nous vous informons \u00e9galement que ces informations [&hellip;]","og_url":"https:\/\/www.elciruelo.com\/fr\/traitement-gdpr\/","og_site_name":"El Ciruelo","article_publisher":"https:\/\/es-es.facebook.com\/ElCirueloSL\/","article_modified_time":"2026-02-13T10:42:22+00:00","twitter_card":"summary_large_image","twitter_misc":{"Dur\u00e9e de lecture estim\u00e9e":"1 minute"},"schema":{"@context":"https:\/\/schema.org","@graph":[{"@type":"WebPage","@id":"https:\/\/www.elciruelo.com\/fr\/traitement-gdpr\/","url":"https:\/\/www.elciruelo.com\/fr\/traitement-gdpr\/","name":"Traitement GDPR - El Ciruelo","isPartOf":{"@id":"https:\/\/www.elciruelo.com\/fr\/#website"},"datePublished":"2026-02-13T10:41:56+00:00","dateModified":"2026-02-13T10:42:22+00:00","breadcrumb":{"@id":"https:\/\/www.elciruelo.com\/fr\/traitement-gdpr\/#breadcrumb"},"inLanguage":"fr-FR","potentialAction":[{"@type":"ReadAction","target":["https:\/\/www.elciruelo.com\/fr\/traitement-gdpr\/"]}]},{"@type":"BreadcrumbList","@id":"https:\/\/www.elciruelo.com\/fr\/traitement-gdpr\/#breadcrumb","itemListElement":[{"@type":"ListItem","position":1,"name":"Home","item":"https:\/\/www.elciruelo.com\/fr\/"},{"@type":"ListItem","position":2,"name":"Traitement GDPR"}]},{"@type":"WebSite","@id":"https:\/\/www.elciruelo.com\/fr\/#website","url":"https:\/\/www.elciruelo.com\/fr\/","name":"El Ciruelo","description":"Productores de Uva de Mesa y Fruta de Hueso  ","publisher":{"@id":"https:\/\/www.elciruelo.com\/fr\/#organization"},"alternateName":"Ciruelo","potentialAction":[{"@type":"SearchAction","target":{"@type":"EntryPoint","urlTemplate":"https:\/\/www.elciruelo.com\/fr\/?s={search_term_string}"},"query-input":{"@type":"PropertyValueSpecification","valueRequired":true,"valueName":"search_term_string"}}],"inLanguage":"fr-FR"},{"@type":"Organization","@id":"https:\/\/www.elciruelo.com\/fr\/#organization","name":"El Ciruelo","alternateName":"Grupo El Ciruelo","url":"https:\/\/www.elciruelo.com\/fr\/","logo":{"@type":"ImageObject","inLanguage":"fr-FR","@id":"https:\/\/www.elciruelo.com\/fr\/#\/schema\/logo\/image\/","url":"https:\/\/www.elciruelo.com\/wp-content\/uploads\/2021\/09\/el-ciruelo-logo.png","contentUrl":"https:\/\/www.elciruelo.com\/wp-content\/uploads\/2021\/09\/el-ciruelo-logo.png","width":636,"height":174,"caption":"El Ciruelo"},"image":{"@id":"https:\/\/www.elciruelo.com\/fr\/#\/schema\/logo\/image\/"},"sameAs":["https:\/\/es-es.facebook.com\/ElCirueloSL\/","https:\/\/www.instagram.com\/elciruelofruits\/","https:\/\/www.tiktok.com\/@elciruelofruits","https:\/\/es.linkedin.com\/company\/grupoelciruelo"]}]}},"_links":{"self":[{"href":"https:\/\/www.elciruelo.com\/fr\/wp-json\/wp\/v2\/pages\/23499","targetHints":{"allow":["GET"]}}],"collection":[{"href":"https:\/\/www.elciruelo.com\/fr\/wp-json\/wp\/v2\/pages"}],"about":[{"href":"https:\/\/www.elciruelo.com\/fr\/wp-json\/wp\/v2\/types\/page"}],"author":[{"embeddable":true,"href":"https:\/\/www.elciruelo.com\/fr\/wp-json\/wp\/v2\/users\/26"}],"replies":[{"embeddable":true,"href":"https:\/\/www.elciruelo.com\/fr\/wp-json\/wp\/v2\/comments?post=23499"}],"version-history":[{"count":4,"href":"https:\/\/www.elciruelo.com\/fr\/wp-json\/wp\/v2\/pages\/23499\/revisions"}],"predecessor-version":[{"id":23503,"href":"https:\/\/www.elciruelo.com\/fr\/wp-json\/wp\/v2\/pages\/23499\/revisions\/23503"}],"wp:attachment":[{"href":"https:\/\/www.elciruelo.com\/fr\/wp-json\/wp\/v2\/media?parent=23499"}],"curies":[{"name":"wp","href":"https:\/\/api.w.org\/{rel}","templated":true}]}}