{"id":23517,"date":"2026-02-13T11:46:20","date_gmt":"2026-02-13T10:46:20","guid":{"rendered":"https:\/\/www.elciruelo.com\/?page_id=23517"},"modified":"2026-02-13T11:47:12","modified_gmt":"2026-02-13T10:47:12","slug":"tratamiento-rgpd","status":"publish","type":"page","link":"https:\/\/www.elciruelo.com\/pt-br\/tratamiento-rgpd\/","title":{"rendered":"Tratamiento RGPD"},"content":{"rendered":"\t\t<div data-elementor-type=\"wp-page\" data-elementor-id=\"23517\" class=\"elementor elementor-23517 elementor-21158\" data-elementor-post-type=\"page\">\n\t\t\t\t<div class=\"elementor-element elementor-element-6144305 contenido-web contenido-post e-flex e-con-boxed e-con e-parent\" data-id=\"6144305\" data-element_type=\"container\" data-e-type=\"container\">\n\t\t\t\t\t<div class=\"e-con-inner\">\n\t\t\t\t<div class=\"elementor-element elementor-element-4c061ad separador elementor-widget__width-initial elementor-widget-mobile__width-inherit elementor-widget elementor-widget-heading\" data-id=\"4c061ad\" data-element_type=\"widget\" data-e-type=\"widget\" data-widget_type=\"heading.default\">\n\t\t\t\t\t<p class=\"elementor-heading-title elementor-size-default\">Tratamento RGPD<\/p>\t\t\t\t<\/div>\n\t\t\t\t<div class=\"elementor-element elementor-element-448b542 elementor-widget elementor-widget-text-editor\" data-id=\"448b542\" data-element_type=\"widget\" data-e-type=\"widget\" data-widget_type=\"text-editor.default\">\n\t\t\t\t\t\t\t\t\t<p>As informa\u00e7\u00f5es fornecidas ser\u00e3o tratadas pela EL CIRUELO S.L., com CIF\/NIF B30212690, como respons\u00e1vel por este site. A finalidade dos dados recolhidos \u00e9 a informa\u00e7\u00e3o geral e comercial atrav\u00e9s de correio eletr\u00f4nico. Esta utiliza\u00e7\u00e3o \u00e9 legitimada atrav\u00e9s do presente formul\u00e1rio. Informamos ainda que estas informa\u00e7\u00f5es ser\u00e3o geridas e armazenadas na Cloudflare.<\/p>\t\t\t\t\t\t\t\t<\/div>\n\t\t\t\t\t<\/div>\n\t\t\t\t<\/div>\n\t\t\t\t<\/div>\n\t\t","protected":false},"excerpt":{"rendered":"<p>Tratamento RGPD As informa\u00e7\u00f5es fornecidas ser\u00e3o tratadas pela EL CIRUELO S.L., com CIF\/NIF B30212690, como respons\u00e1vel por este site. A finalidade dos dados recolhidos \u00e9 a informa\u00e7\u00e3o geral e comercial atrav\u00e9s de correio eletr\u00f4nico. Esta utiliza\u00e7\u00e3o \u00e9 legitimada atrav\u00e9s do presente formul\u00e1rio. Informamos ainda que estas informa\u00e7\u00f5es ser\u00e3o geridas e armazenadas na Cloudflare.<\/p>\n","protected":false},"author":26,"featured_media":0,"parent":0,"menu_order":0,"comment_status":"closed","ping_status":"closed","template":"","meta":{"_acf_changed":false,"footnotes":""},"class_list":["post-23517","page","type-page","status-publish","hentry"],"acf":[],"yoast_head":"<!-- This site is optimized with the Yoast SEO plugin v27.4 - https:\/\/yoast.com\/product\/yoast-seo-wordpress\/ -->\n<title>Tratamiento RGPD - El Ciruelo<\/title>\n<meta name=\"robots\" content=\"index, follow, max-snippet:-1, max-image-preview:large, max-video-preview:-1\" \/>\n<link rel=\"canonical\" href=\"https:\/\/www.elciruelo.com\/pt-br\/tratamiento-rgpd\/\" \/>\n<meta property=\"og:locale\" content=\"pt_BR\" \/>\n<meta property=\"og:type\" content=\"article\" \/>\n<meta property=\"og:title\" content=\"Tratamiento RGPD - El Ciruelo\" \/>\n<meta property=\"og:description\" content=\"Tratamento RGPD As informa\u00e7\u00f5es fornecidas ser\u00e3o tratadas pela EL CIRUELO S.L., com CIF\/NIF B30212690, como respons\u00e1vel por este site. A finalidade dos dados recolhidos \u00e9 a informa\u00e7\u00e3o geral e comercial atrav\u00e9s de correio eletr\u00f4nico. Esta utiliza\u00e7\u00e3o \u00e9 legitimada atrav\u00e9s do presente formul\u00e1rio. Informamos ainda que estas informa\u00e7\u00f5es ser\u00e3o geridas e armazenadas na Cloudflare.\" \/>\n<meta property=\"og:url\" content=\"https:\/\/www.elciruelo.com\/pt-br\/tratamiento-rgpd\/\" \/>\n<meta property=\"og:site_name\" content=\"El Ciruelo\" \/>\n<meta property=\"article:publisher\" content=\"https:\/\/es-es.facebook.com\/ElCirueloSL\/\" \/>\n<meta property=\"article:modified_time\" content=\"2026-02-13T10:47:12+00:00\" \/>\n<meta name=\"twitter:card\" content=\"summary_large_image\" \/>\n<meta name=\"twitter:label1\" content=\"Est. tempo de leitura\" \/>\n\t<meta name=\"twitter:data1\" content=\"1 minuto\" \/>\n<script type=\"application\/ld+json\" class=\"yoast-schema-graph\">{\"@context\":\"https:\\\/\\\/schema.org\",\"@graph\":[{\"@type\":\"WebPage\",\"@id\":\"https:\\\/\\\/www.elciruelo.com\\\/pt-br\\\/tratamiento-rgpd\\\/\",\"url\":\"https:\\\/\\\/www.elciruelo.com\\\/pt-br\\\/tratamiento-rgpd\\\/\",\"name\":\"Tratamiento RGPD - El Ciruelo\",\"isPartOf\":{\"@id\":\"https:\\\/\\\/www.elciruelo.com\\\/pt-br\\\/#website\"},\"datePublished\":\"2026-02-13T10:46:20+00:00\",\"dateModified\":\"2026-02-13T10:47:12+00:00\",\"breadcrumb\":{\"@id\":\"https:\\\/\\\/www.elciruelo.com\\\/pt-br\\\/tratamiento-rgpd\\\/#breadcrumb\"},\"inLanguage\":\"pt-BR\",\"potentialAction\":[{\"@type\":\"ReadAction\",\"target\":[\"https:\\\/\\\/www.elciruelo.com\\\/pt-br\\\/tratamiento-rgpd\\\/\"]}]},{\"@type\":\"BreadcrumbList\",\"@id\":\"https:\\\/\\\/www.elciruelo.com\\\/pt-br\\\/tratamiento-rgpd\\\/#breadcrumb\",\"itemListElement\":[{\"@type\":\"ListItem\",\"position\":1,\"name\":\"Home\",\"item\":\"https:\\\/\\\/www.elciruelo.com\\\/pt-br\\\/\"},{\"@type\":\"ListItem\",\"position\":2,\"name\":\"Tratamiento RGPD\"}]},{\"@type\":\"WebSite\",\"@id\":\"https:\\\/\\\/www.elciruelo.com\\\/pt-br\\\/#website\",\"url\":\"https:\\\/\\\/www.elciruelo.com\\\/pt-br\\\/\",\"name\":\"El Ciruelo\",\"description\":\"Productores de Uva de Mesa y Fruta de Hueso  \",\"publisher\":{\"@id\":\"https:\\\/\\\/www.elciruelo.com\\\/pt-br\\\/#organization\"},\"alternateName\":\"Ciruelo\",\"potentialAction\":[{\"@type\":\"SearchAction\",\"target\":{\"@type\":\"EntryPoint\",\"urlTemplate\":\"https:\\\/\\\/www.elciruelo.com\\\/pt-br\\\/?s={search_term_string}\"},\"query-input\":{\"@type\":\"PropertyValueSpecification\",\"valueRequired\":true,\"valueName\":\"search_term_string\"}}],\"inLanguage\":\"pt-BR\"},{\"@type\":\"Organization\",\"@id\":\"https:\\\/\\\/www.elciruelo.com\\\/pt-br\\\/#organization\",\"name\":\"El Ciruelo\",\"alternateName\":\"Grupo El Ciruelo\",\"url\":\"https:\\\/\\\/www.elciruelo.com\\\/pt-br\\\/\",\"logo\":{\"@type\":\"ImageObject\",\"inLanguage\":\"pt-BR\",\"@id\":\"https:\\\/\\\/www.elciruelo.com\\\/pt-br\\\/#\\\/schema\\\/logo\\\/image\\\/\",\"url\":\"https:\\\/\\\/www.elciruelo.com\\\/wp-content\\\/uploads\\\/2021\\\/09\\\/el-ciruelo-logo.png\",\"contentUrl\":\"https:\\\/\\\/www.elciruelo.com\\\/wp-content\\\/uploads\\\/2021\\\/09\\\/el-ciruelo-logo.png\",\"width\":636,\"height\":174,\"caption\":\"El Ciruelo\"},\"image\":{\"@id\":\"https:\\\/\\\/www.elciruelo.com\\\/pt-br\\\/#\\\/schema\\\/logo\\\/image\\\/\"},\"sameAs\":[\"https:\\\/\\\/es-es.facebook.com\\\/ElCirueloSL\\\/\",\"https:\\\/\\\/www.instagram.com\\\/elciruelofruits\\\/\",\"https:\\\/\\\/www.tiktok.com\\\/@elciruelofruits\",\"https:\\\/\\\/es.linkedin.com\\\/company\\\/grupoelciruelo\"]}]}<\/script>\n<!-- \/ Yoast SEO plugin. -->","yoast_head_json":{"title":"Tratamiento RGPD - El Ciruelo","robots":{"index":"index","follow":"follow","max-snippet":"max-snippet:-1","max-image-preview":"max-image-preview:large","max-video-preview":"max-video-preview:-1"},"canonical":"https:\/\/www.elciruelo.com\/pt-br\/tratamiento-rgpd\/","og_locale":"pt_BR","og_type":"article","og_title":"Tratamiento RGPD - El Ciruelo","og_description":"Tratamento RGPD As informa\u00e7\u00f5es fornecidas ser\u00e3o tratadas pela EL CIRUELO S.L., com CIF\/NIF B30212690, como respons\u00e1vel por este site. A finalidade dos dados recolhidos \u00e9 a informa\u00e7\u00e3o geral e comercial atrav\u00e9s de correio eletr\u00f4nico. Esta utiliza\u00e7\u00e3o \u00e9 legitimada atrav\u00e9s do presente formul\u00e1rio. Informamos ainda que estas informa\u00e7\u00f5es ser\u00e3o geridas e armazenadas na Cloudflare.","og_url":"https:\/\/www.elciruelo.com\/pt-br\/tratamiento-rgpd\/","og_site_name":"El Ciruelo","article_publisher":"https:\/\/es-es.facebook.com\/ElCirueloSL\/","article_modified_time":"2026-02-13T10:47:12+00:00","twitter_card":"summary_large_image","twitter_misc":{"Est. tempo de leitura":"1 minuto"},"schema":{"@context":"https:\/\/schema.org","@graph":[{"@type":"WebPage","@id":"https:\/\/www.elciruelo.com\/pt-br\/tratamiento-rgpd\/","url":"https:\/\/www.elciruelo.com\/pt-br\/tratamiento-rgpd\/","name":"Tratamiento RGPD - El Ciruelo","isPartOf":{"@id":"https:\/\/www.elciruelo.com\/pt-br\/#website"},"datePublished":"2026-02-13T10:46:20+00:00","dateModified":"2026-02-13T10:47:12+00:00","breadcrumb":{"@id":"https:\/\/www.elciruelo.com\/pt-br\/tratamiento-rgpd\/#breadcrumb"},"inLanguage":"pt-BR","potentialAction":[{"@type":"ReadAction","target":["https:\/\/www.elciruelo.com\/pt-br\/tratamiento-rgpd\/"]}]},{"@type":"BreadcrumbList","@id":"https:\/\/www.elciruelo.com\/pt-br\/tratamiento-rgpd\/#breadcrumb","itemListElement":[{"@type":"ListItem","position":1,"name":"Home","item":"https:\/\/www.elciruelo.com\/pt-br\/"},{"@type":"ListItem","position":2,"name":"Tratamiento RGPD"}]},{"@type":"WebSite","@id":"https:\/\/www.elciruelo.com\/pt-br\/#website","url":"https:\/\/www.elciruelo.com\/pt-br\/","name":"El Ciruelo","description":"Productores de Uva de Mesa y Fruta de Hueso  ","publisher":{"@id":"https:\/\/www.elciruelo.com\/pt-br\/#organization"},"alternateName":"Ciruelo","potentialAction":[{"@type":"SearchAction","target":{"@type":"EntryPoint","urlTemplate":"https:\/\/www.elciruelo.com\/pt-br\/?s={search_term_string}"},"query-input":{"@type":"PropertyValueSpecification","valueRequired":true,"valueName":"search_term_string"}}],"inLanguage":"pt-BR"},{"@type":"Organization","@id":"https:\/\/www.elciruelo.com\/pt-br\/#organization","name":"El Ciruelo","alternateName":"Grupo El Ciruelo","url":"https:\/\/www.elciruelo.com\/pt-br\/","logo":{"@type":"ImageObject","inLanguage":"pt-BR","@id":"https:\/\/www.elciruelo.com\/pt-br\/#\/schema\/logo\/image\/","url":"https:\/\/www.elciruelo.com\/wp-content\/uploads\/2021\/09\/el-ciruelo-logo.png","contentUrl":"https:\/\/www.elciruelo.com\/wp-content\/uploads\/2021\/09\/el-ciruelo-logo.png","width":636,"height":174,"caption":"El Ciruelo"},"image":{"@id":"https:\/\/www.elciruelo.com\/pt-br\/#\/schema\/logo\/image\/"},"sameAs":["https:\/\/es-es.facebook.com\/ElCirueloSL\/","https:\/\/www.instagram.com\/elciruelofruits\/","https:\/\/www.tiktok.com\/@elciruelofruits","https:\/\/es.linkedin.com\/company\/grupoelciruelo"]}]}},"_links":{"self":[{"href":"https:\/\/www.elciruelo.com\/pt-br\/wp-json\/wp\/v2\/pages\/23517","targetHints":{"allow":["GET"]}}],"collection":[{"href":"https:\/\/www.elciruelo.com\/pt-br\/wp-json\/wp\/v2\/pages"}],"about":[{"href":"https:\/\/www.elciruelo.com\/pt-br\/wp-json\/wp\/v2\/types\/page"}],"author":[{"embeddable":true,"href":"https:\/\/www.elciruelo.com\/pt-br\/wp-json\/wp\/v2\/users\/26"}],"replies":[{"embeddable":true,"href":"https:\/\/www.elciruelo.com\/pt-br\/wp-json\/wp\/v2\/comments?post=23517"}],"version-history":[{"count":7,"href":"https:\/\/www.elciruelo.com\/pt-br\/wp-json\/wp\/v2\/pages\/23517\/revisions"}],"predecessor-version":[{"id":23524,"href":"https:\/\/www.elciruelo.com\/pt-br\/wp-json\/wp\/v2\/pages\/23517\/revisions\/23524"}],"wp:attachment":[{"href":"https:\/\/www.elciruelo.com\/pt-br\/wp-json\/wp\/v2\/media?parent=23517"}],"curies":[{"name":"wp","href":"https:\/\/api.w.org\/{rel}","templated":true}]}}