{"id":25147,"date":"2026-03-05T12:34:37","date_gmt":"2026-03-05T11:34:37","guid":{"rendered":"https:\/\/www.elciruelo.com\/?page_id=25147"},"modified":"2026-03-05T12:40:53","modified_gmt":"2026-03-05T11:40:53","slug":"acessibilidade","status":"publish","type":"page","link":"https:\/\/www.elciruelo.com\/pt-br\/acessibilidade\/","title":{"rendered":"Acessibilidade"},"content":{"rendered":"\t\t<div data-elementor-type=\"wp-page\" data-elementor-id=\"25147\" class=\"elementor elementor-25147 elementor-21142\" data-elementor-post-type=\"page\">\n\t\t\t\t<div class=\"elementor-element elementor-element-6144305 contenido-web contenido-post e-flex e-con-boxed e-con e-parent\" data-id=\"6144305\" data-element_type=\"container\" data-e-type=\"container\">\n\t\t\t\t\t<div class=\"e-con-inner\">\n\t\t\t\t<div class=\"elementor-element elementor-element-4c061ad separador elementor-widget__width-initial elementor-widget-mobile__width-inherit elementor-widget elementor-widget-heading\" data-id=\"4c061ad\" data-element_type=\"widget\" data-e-type=\"widget\" data-widget_type=\"heading.default\">\n\t\t\t\t\t<p class=\"elementor-heading-title elementor-size-default\">Declara\u00e7\u00e3o de Acessibilidade<\/p>\t\t\t\t<\/div>\n\t\t\t\t<div class=\"elementor-element elementor-element-448b542 elementor-widget elementor-widget-text-editor\" data-id=\"448b542\" data-element_type=\"widget\" data-e-type=\"widget\" data-widget_type=\"text-editor.default\">\n\t\t\t\t\t\t\t\t\t<p>elciruelo.com est\u00e1 comprometido em tornar o seu site acess\u00edvel.<\/p>\n<p>A atual declara\u00e7\u00e3o de acessibilidade aplica-se ao site elciruelo.com<\/p>\n<h3>Status de conformidade<\/h3>\n<p>Este site est\u00e1 parcialmente em concord\u00e2ncia com o <a href=\"http:\/\/www.boe.es\/diario_boe\/txt.php?id=BOE-A-2018-12699\" target=\"_blank\" rel=\"noopener\">RD 1112\/2018<\/a>&nbsp;devido \u00e0s exce\u00e7\u00f5es e \u00e0 falta de conformidade dos aspectos indicados no seguinte item.<\/p>\n<h3>Conte\u00fado n\u00e3o acess\u00edvel<\/h3>\n<p>O conte\u00fado apresentado a seguir n\u00e3o est\u00e1 dispon\u00edvel devido ao seguinte motivo:<\/p>\n<ul>\n<li>N\u00e3o est\u00e1 em conformidade com o RD 1112\/2018 Existe conte\u00fado audiovisual que n\u00e3o inclui audiodescri\u00e7\u00e3o ou meio alternativo [Requisito n\u00famero 1.2.3 Audiodescri\u00e7\u00e3o ou meio alternativo] e audiodescri\u00e7\u00e3o gravada [Requisito 1.2.5 Audiodescri\u00e7\u00e3o (Gravada)].<\/li>\n<\/ul>\n<p>&nbsp;<\/p>\n<p>Podem existir erros pontuais de c\u00f3digo de edi\u00e7\u00e3o em alguma p\u00e1gina web. [4.1.1 Processamento]<\/p>\n<p>Podem existir alguns componentes da interface do usu\u00e1rio que n\u00e3o estejam corretamente etiquetados. [4.1.2 Nome, fun\u00e7\u00e3o, valor]<\/p>\n<ul>\n<li>Carga desproporcional<\/li>\n<\/ul>\n<p>N\u00e3o se aplica.<\/p>\n<ul>\n<li>O conte\u00fado n\u00e3o se enquadra no \u00e2mbito da legisla\u00e7\u00e3o aplic\u00e1vel<\/li>\n<\/ul>\n<p>Poder\u00e3o existir arquivos eletr\u00f4nicos em PDF ou outros formatos publicados que n\u00e3o cumpram totalmente com todos os requisitos de acessibilidade. No entanto, todos os esfor\u00e7os foram feitos para que a maioria deles os cumprisse.<\/p>\n<h3>Prepara\u00e7\u00e3o desta declara\u00e7\u00e3o de acessibilidade<\/h3>\n<p>Esta declara\u00e7\u00e3o foi preparada em janeiro de 2023.<\/p>\n<p>O procedimento utilizado para preparar a declara\u00e7\u00e3o foi uma autoavalia\u00e7\u00e3o realizada pela pr\u00f3pria entidade.<\/p>\n<p>A Declara\u00e7\u00e3o de Acessibilidade foi revisada e atualizada em janeiro de 2023.<\/p>\n<h3>Observa\u00e7\u00f5es e dados de contato<\/h3>\n<p>Pode comunicar requisitos de acessibilidade (artigo 10.2.a do RD 1112\/2018), tais como:<\/p>\n<ul>\n<li>informar sobre qualquer poss\u00edvel incumprimento por parte deste site<\/li>\n<li>transmitir outras dificuldades de acesso ao conte\u00fado<\/li>\n<li>formular qualquer outra consulta ou sugest\u00e3o de melhoria relativa \u00e0 acessibilidade do site atrav\u00e9s do e-mail protecciondedatos@elciruelo.com<\/li>\n<\/ul>\n<p>Pode apresentar:<\/p>\n<ul>\n<li>Reclama\u00e7\u00e3o relativa ao cumprimento dos requisitos do RD 1112\/2018 ou<\/li>\n<li>Solicita\u00e7\u00e3o de informa\u00e7\u00e3o acess\u00edvel relativa a: Conte\u00fados que est\u00e3o exclu\u00eddos do \u00e2mbito de aplica\u00e7\u00e3o do RD 1112\/2018, conforme estabelecido no artigo 3.\u00ba, n.\u00ba 4. Conte\u00fados que est\u00e3o isentos do cumprimento dos requisitos de acessibilidade por imporem uma carga desproporcional.<\/li>\n<\/ul>\n<p>Na Solicita\u00e7\u00e3o de informa\u00e7\u00e3o acess\u00edvel, deve especificar-se, com toda a clareza, os fatos, motivos e requerimento que permitam comprovar que se trata de um pedido justific\u00e1vel e leg\u00edtimo.<\/p>\n<p>As reclama\u00e7\u00f5es e queixas sobre informa\u00e7\u00f5es acess\u00edveis devem ser enviadas para protecciondedatos@elciruelo.com<\/p>\n<h3>Conte\u00fado opcional<\/h3>\n<p>Este site foi desenvolvido para permitir a altera\u00e7\u00e3o do tamanho e a cor do texto, bem como o fundo da p\u00e1gina, atrav\u00e9s das op\u00e7\u00f5es de configura\u00e7\u00e3o padr\u00e3o dos navegadores.<\/p>\n<p>Se desejar alterar o tamanho da letra do texto nos principais navegadores, utilize os seguintes menus<\/p>\n<ul>\n<li>Internet Explorer, Mozilla e Firefox: Ver &gt; Tamanho do texto<\/li>\n<li>Opera: Ver &gt; Zoom<\/li>\n<li>Safari: Ver &gt; Aumentar o texto<\/li>\n<li>Chrome: Controlar a p\u00e1gina atual &gt; Tamanho do texto<\/li>\n<li>Para modificar o tamanho de tudo na p\u00e1gina:\n<ul>\n<li>Ctrl + + para aumentar<\/li>\n<li>Ctrl + &#8211; para diminuir<\/li>\n<li>Ctrl + 0 restaura o tamanho original do texto<\/li>\n<\/ul>\n<\/li>\n<li>Se quiser anular a folha de estilos ou modificar a cor do texto, pode acessar a p\u00e1gina How to Change Text Size or Colors da WAI, que pode ser lida traduzida para o portugu\u00eas em Como alterar o tamanho do texto ou as cores?<\/li>\n<\/ul>\t\t\t\t\t\t\t\t<\/div>\n\t\t\t\t\t<\/div>\n\t\t\t\t<\/div>\n\t\t\t\t<\/div>\n\t\t","protected":false},"excerpt":{"rendered":"<p>Declara\u00e7\u00e3o de Acessibilidade elciruelo.com est\u00e1 comprometido em tornar o seu site acess\u00edvel. A atual declara\u00e7\u00e3o de acessibilidade aplica-se ao site elciruelo.com Status de conformidade Este site est\u00e1 parcialmente em concord\u00e2ncia com o RD 1112\/2018&nbsp;devido \u00e0s exce\u00e7\u00f5es e \u00e0 falta de conformidade dos aspectos indicados no seguinte item. Conte\u00fado n\u00e3o acess\u00edvel O conte\u00fado apresentado a seguir [&hellip;]<\/p>\n","protected":false},"author":26,"featured_media":0,"parent":0,"menu_order":0,"comment_status":"closed","ping_status":"closed","template":"","meta":{"_acf_changed":false,"footnotes":""},"class_list":["post-25147","page","type-page","status-publish","hentry"],"acf":[],"yoast_head":"<!-- This site is optimized with the Yoast SEO plugin v27.4 - https:\/\/yoast.com\/product\/yoast-seo-wordpress\/ -->\n<title>Acessibilidade - El Ciruelo<\/title>\n<meta name=\"robots\" content=\"index, follow, max-snippet:-1, max-image-preview:large, max-video-preview:-1\" \/>\n<link rel=\"canonical\" href=\"https:\/\/www.elciruelo.com\/pt-br\/acessibilidade\/\" \/>\n<meta property=\"og:locale\" content=\"pt_BR\" \/>\n<meta property=\"og:type\" content=\"article\" \/>\n<meta property=\"og:title\" content=\"Acessibilidade - El Ciruelo\" \/>\n<meta property=\"og:description\" content=\"Declara\u00e7\u00e3o de Acessibilidade elciruelo.com est\u00e1 comprometido em tornar o seu site acess\u00edvel. A atual declara\u00e7\u00e3o de acessibilidade aplica-se ao site elciruelo.com Status de conformidade Este site est\u00e1 parcialmente em concord\u00e2ncia com o RD 1112\/2018&nbsp;devido \u00e0s exce\u00e7\u00f5es e \u00e0 falta de conformidade dos aspectos indicados no seguinte item. Conte\u00fado n\u00e3o acess\u00edvel O conte\u00fado apresentado a seguir [&hellip;]\" \/>\n<meta property=\"og:url\" content=\"https:\/\/www.elciruelo.com\/pt-br\/acessibilidade\/\" \/>\n<meta property=\"og:site_name\" content=\"El Ciruelo\" \/>\n<meta property=\"article:publisher\" content=\"https:\/\/es-es.facebook.com\/ElCirueloSL\/\" \/>\n<meta property=\"article:modified_time\" content=\"2026-03-05T11:40:53+00:00\" \/>\n<meta name=\"twitter:card\" content=\"summary_large_image\" \/>\n<meta name=\"twitter:label1\" content=\"Est. tempo de leitura\" \/>\n\t<meta name=\"twitter:data1\" content=\"3 minutos\" \/>\n<script type=\"application\/ld+json\" class=\"yoast-schema-graph\">{\"@context\":\"https:\\\/\\\/schema.org\",\"@graph\":[{\"@type\":\"WebPage\",\"@id\":\"https:\\\/\\\/www.elciruelo.com\\\/pt-br\\\/acessibilidade\\\/\",\"url\":\"https:\\\/\\\/www.elciruelo.com\\\/pt-br\\\/acessibilidade\\\/\",\"name\":\"Acessibilidade - El Ciruelo\",\"isPartOf\":{\"@id\":\"https:\\\/\\\/www.elciruelo.com\\\/pt-br\\\/#website\"},\"datePublished\":\"2026-03-05T11:34:37+00:00\",\"dateModified\":\"2026-03-05T11:40:53+00:00\",\"breadcrumb\":{\"@id\":\"https:\\\/\\\/www.elciruelo.com\\\/pt-br\\\/acessibilidade\\\/#breadcrumb\"},\"inLanguage\":\"pt-BR\",\"potentialAction\":[{\"@type\":\"ReadAction\",\"target\":[\"https:\\\/\\\/www.elciruelo.com\\\/pt-br\\\/acessibilidade\\\/\"]}]},{\"@type\":\"BreadcrumbList\",\"@id\":\"https:\\\/\\\/www.elciruelo.com\\\/pt-br\\\/acessibilidade\\\/#breadcrumb\",\"itemListElement\":[{\"@type\":\"ListItem\",\"position\":1,\"name\":\"Home\",\"item\":\"https:\\\/\\\/www.elciruelo.com\\\/pt-br\\\/\"},{\"@type\":\"ListItem\",\"position\":2,\"name\":\"Acessibilidade\"}]},{\"@type\":\"WebSite\",\"@id\":\"https:\\\/\\\/www.elciruelo.com\\\/pt-br\\\/#website\",\"url\":\"https:\\\/\\\/www.elciruelo.com\\\/pt-br\\\/\",\"name\":\"El Ciruelo\",\"description\":\"Productores de Uva de Mesa y Fruta de Hueso  \",\"publisher\":{\"@id\":\"https:\\\/\\\/www.elciruelo.com\\\/pt-br\\\/#organization\"},\"alternateName\":\"Ciruelo\",\"potentialAction\":[{\"@type\":\"SearchAction\",\"target\":{\"@type\":\"EntryPoint\",\"urlTemplate\":\"https:\\\/\\\/www.elciruelo.com\\\/pt-br\\\/?s={search_term_string}\"},\"query-input\":{\"@type\":\"PropertyValueSpecification\",\"valueRequired\":true,\"valueName\":\"search_term_string\"}}],\"inLanguage\":\"pt-BR\"},{\"@type\":\"Organization\",\"@id\":\"https:\\\/\\\/www.elciruelo.com\\\/pt-br\\\/#organization\",\"name\":\"El Ciruelo\",\"alternateName\":\"Grupo El Ciruelo\",\"url\":\"https:\\\/\\\/www.elciruelo.com\\\/pt-br\\\/\",\"logo\":{\"@type\":\"ImageObject\",\"inLanguage\":\"pt-BR\",\"@id\":\"https:\\\/\\\/www.elciruelo.com\\\/pt-br\\\/#\\\/schema\\\/logo\\\/image\\\/\",\"url\":\"https:\\\/\\\/www.elciruelo.com\\\/wp-content\\\/uploads\\\/2021\\\/09\\\/el-ciruelo-logo.png\",\"contentUrl\":\"https:\\\/\\\/www.elciruelo.com\\\/wp-content\\\/uploads\\\/2021\\\/09\\\/el-ciruelo-logo.png\",\"width\":636,\"height\":174,\"caption\":\"El Ciruelo\"},\"image\":{\"@id\":\"https:\\\/\\\/www.elciruelo.com\\\/pt-br\\\/#\\\/schema\\\/logo\\\/image\\\/\"},\"sameAs\":[\"https:\\\/\\\/es-es.facebook.com\\\/ElCirueloSL\\\/\",\"https:\\\/\\\/www.instagram.com\\\/elciruelofruits\\\/\",\"https:\\\/\\\/www.tiktok.com\\\/@elciruelofruits\",\"https:\\\/\\\/es.linkedin.com\\\/company\\\/grupoelciruelo\"]}]}<\/script>\n<!-- \/ Yoast SEO plugin. -->","yoast_head_json":{"title":"Acessibilidade - El Ciruelo","robots":{"index":"index","follow":"follow","max-snippet":"max-snippet:-1","max-image-preview":"max-image-preview:large","max-video-preview":"max-video-preview:-1"},"canonical":"https:\/\/www.elciruelo.com\/pt-br\/acessibilidade\/","og_locale":"pt_BR","og_type":"article","og_title":"Acessibilidade - El Ciruelo","og_description":"Declara\u00e7\u00e3o de Acessibilidade elciruelo.com est\u00e1 comprometido em tornar o seu site acess\u00edvel. A atual declara\u00e7\u00e3o de acessibilidade aplica-se ao site elciruelo.com Status de conformidade Este site est\u00e1 parcialmente em concord\u00e2ncia com o RD 1112\/2018&nbsp;devido \u00e0s exce\u00e7\u00f5es e \u00e0 falta de conformidade dos aspectos indicados no seguinte item. Conte\u00fado n\u00e3o acess\u00edvel O conte\u00fado apresentado a seguir [&hellip;]","og_url":"https:\/\/www.elciruelo.com\/pt-br\/acessibilidade\/","og_site_name":"El Ciruelo","article_publisher":"https:\/\/es-es.facebook.com\/ElCirueloSL\/","article_modified_time":"2026-03-05T11:40:53+00:00","twitter_card":"summary_large_image","twitter_misc":{"Est. tempo de leitura":"3 minutos"},"schema":{"@context":"https:\/\/schema.org","@graph":[{"@type":"WebPage","@id":"https:\/\/www.elciruelo.com\/pt-br\/acessibilidade\/","url":"https:\/\/www.elciruelo.com\/pt-br\/acessibilidade\/","name":"Acessibilidade - El Ciruelo","isPartOf":{"@id":"https:\/\/www.elciruelo.com\/pt-br\/#website"},"datePublished":"2026-03-05T11:34:37+00:00","dateModified":"2026-03-05T11:40:53+00:00","breadcrumb":{"@id":"https:\/\/www.elciruelo.com\/pt-br\/acessibilidade\/#breadcrumb"},"inLanguage":"pt-BR","potentialAction":[{"@type":"ReadAction","target":["https:\/\/www.elciruelo.com\/pt-br\/acessibilidade\/"]}]},{"@type":"BreadcrumbList","@id":"https:\/\/www.elciruelo.com\/pt-br\/acessibilidade\/#breadcrumb","itemListElement":[{"@type":"ListItem","position":1,"name":"Home","item":"https:\/\/www.elciruelo.com\/pt-br\/"},{"@type":"ListItem","position":2,"name":"Acessibilidade"}]},{"@type":"WebSite","@id":"https:\/\/www.elciruelo.com\/pt-br\/#website","url":"https:\/\/www.elciruelo.com\/pt-br\/","name":"El Ciruelo","description":"Productores de Uva de Mesa y Fruta de Hueso  ","publisher":{"@id":"https:\/\/www.elciruelo.com\/pt-br\/#organization"},"alternateName":"Ciruelo","potentialAction":[{"@type":"SearchAction","target":{"@type":"EntryPoint","urlTemplate":"https:\/\/www.elciruelo.com\/pt-br\/?s={search_term_string}"},"query-input":{"@type":"PropertyValueSpecification","valueRequired":true,"valueName":"search_term_string"}}],"inLanguage":"pt-BR"},{"@type":"Organization","@id":"https:\/\/www.elciruelo.com\/pt-br\/#organization","name":"El Ciruelo","alternateName":"Grupo El Ciruelo","url":"https:\/\/www.elciruelo.com\/pt-br\/","logo":{"@type":"ImageObject","inLanguage":"pt-BR","@id":"https:\/\/www.elciruelo.com\/pt-br\/#\/schema\/logo\/image\/","url":"https:\/\/www.elciruelo.com\/wp-content\/uploads\/2021\/09\/el-ciruelo-logo.png","contentUrl":"https:\/\/www.elciruelo.com\/wp-content\/uploads\/2021\/09\/el-ciruelo-logo.png","width":636,"height":174,"caption":"El Ciruelo"},"image":{"@id":"https:\/\/www.elciruelo.com\/pt-br\/#\/schema\/logo\/image\/"},"sameAs":["https:\/\/es-es.facebook.com\/ElCirueloSL\/","https:\/\/www.instagram.com\/elciruelofruits\/","https:\/\/www.tiktok.com\/@elciruelofruits","https:\/\/es.linkedin.com\/company\/grupoelciruelo"]}]}},"_links":{"self":[{"href":"https:\/\/www.elciruelo.com\/pt-br\/wp-json\/wp\/v2\/pages\/25147","targetHints":{"allow":["GET"]}}],"collection":[{"href":"https:\/\/www.elciruelo.com\/pt-br\/wp-json\/wp\/v2\/pages"}],"about":[{"href":"https:\/\/www.elciruelo.com\/pt-br\/wp-json\/wp\/v2\/types\/page"}],"author":[{"embeddable":true,"href":"https:\/\/www.elciruelo.com\/pt-br\/wp-json\/wp\/v2\/users\/26"}],"replies":[{"embeddable":true,"href":"https:\/\/www.elciruelo.com\/pt-br\/wp-json\/wp\/v2\/comments?post=25147"}],"version-history":[{"count":4,"href":"https:\/\/www.elciruelo.com\/pt-br\/wp-json\/wp\/v2\/pages\/25147\/revisions"}],"predecessor-version":[{"id":25151,"href":"https:\/\/www.elciruelo.com\/pt-br\/wp-json\/wp\/v2\/pages\/25147\/revisions\/25151"}],"wp:attachment":[{"href":"https:\/\/www.elciruelo.com\/pt-br\/wp-json\/wp\/v2\/media?parent=25147"}],"curies":[{"name":"wp","href":"https:\/\/api.w.org\/{rel}","templated":true}]}}